{"id":19111,"date":"2019-01-11T19:08:30","date_gmt":"2019-01-11T19:08:30","guid":{"rendered":"https:\/\/migueloliveirafanclub.pt\/?post_type=product&#038;p=19111"},"modified":"2023-03-10T15:17:32","modified_gmt":"2023-03-10T15:17:32","slug":"t-shirt-88-crianca","status":"publish","type":"product","link":"https:\/\/migueloliveirafanclub.pt\/en\/product\/t-shirt-88-crianca\/","title":{"rendered":"T-shirt 88"},"content":{"rendered":"<div class=\"accordion-heading\"><\/div>\n<div id=\"product-description\" class=\"accordion-body collapse in\">\n<div class=\"accordion-inner\">\n<p>Unisexo<\/p>\n<p><strong>Cor:<\/strong>\u00a0Azul<\/p>\n<p><span id=\"ID0EKB\"><span class=\"nbsp1\"><strong>Composi\u00e7\u00e3o:<\/strong>\u00a0100% Algod\u00e3o<\/span><\/span><\/p>\n<p><strong>Decora\u00e7\u00e3o:<\/strong>\u00a0Logo Transfer<\/p>\n<\/div>\n<\/div>\n","protected":false},"excerpt":{"rendered":"<p>Unisexo Cor:\u00a0Azul Composi\u00e7\u00e3o:\u00a0100% Algod\u00e3o Decora\u00e7\u00e3o:\u00a0Logo Transfer<\/p>\n","protected":false},"featured_media":19117,"comment_status":"closed","ping_status":"closed","template":"","meta":{"_acf_changed":false},"product_cat":[301],"product_tag":[314,315,288,289,316],"class_list":{"0":"post-19111","1":"product","2":"type-product","3":"status-publish","4":"has-post-thumbnail","6":"product_cat-t-shirts-en","7":"product_tag-miguel-oliveira-en","8":"product_tag-miguel-oliveira-fan-club-en","9":"product_tag-mo88-en","10":"product_tag-mofc-en","11":"product_tag-turma-88-en","12":"tm-has-styled-variations","13":"tm-no-options","15":"first","16":"instock","17":"taxable","18":"shipping-taxable","19":"purchasable","20":"product-type-variable"},"acf":[],"yoast_head":"<!-- This site is optimized with the Yoast SEO plugin v24.7 - https:\/\/yoast.com\/wordpress\/plugins\/seo\/ -->\n<title>T-shirt 88 - Miguel Oliveira M#88<\/title>\n<meta name=\"robots\" content=\"index, follow, max-snippet:-1, max-image-preview:large, max-video-preview:-1\" \/>\n<link rel=\"canonical\" href=\"https:\/\/migueloliveirafanclub.pt\/en\/product\/t-shirt-88-crianca\/\" \/>\n<meta property=\"og:locale\" content=\"en_US\" \/>\n<meta property=\"og:type\" content=\"article\" \/>\n<meta property=\"og:title\" content=\"T-shirt 88 - Miguel Oliveira M#88\" \/>\n<meta property=\"og:description\" content=\"Unisexo Cor:\u00a0Azul Composi\u00e7\u00e3o:\u00a0100% Algod\u00e3o Decora\u00e7\u00e3o:\u00a0Logo Transfer\" \/>\n<meta property=\"og:url\" content=\"https:\/\/migueloliveirafanclub.pt\/en\/product\/t-shirt-88-crianca\/\" \/>\n<meta property=\"og:site_name\" content=\"Miguel Oliveira M#88\" \/>\n<meta property=\"article:publisher\" content=\"https:\/\/www.facebook.com\/migueloliveirafanclub\" \/>\n<meta property=\"article:modified_time\" content=\"2023-03-10T15:17:32+00:00\" \/>\n<meta property=\"og:image\" content=\"https:\/\/migueloliveirafanclub.pt\/wp-content\/uploads\/2019\/01\/Tshirt-Arcanjo-Crianca.jpg\" \/>\n\t<meta property=\"og:image:width\" content=\"3888\" \/>\n\t<meta property=\"og:image:height\" content=\"2592\" \/>\n\t<meta property=\"og:image:type\" content=\"image\/jpeg\" \/>\n<meta name=\"twitter:card\" content=\"summary_large_image\" \/>\n<meta name=\"twitter:site\" content=\"@mo88fanclub\" \/>\n<script type=\"application\/ld+json\" class=\"yoast-schema-graph\">{\"@context\":\"https:\/\/schema.org\",\"@graph\":[{\"@type\":\"WebPage\",\"@id\":\"https:\/\/migueloliveirafanclub.pt\/en\/product\/t-shirt-88-crianca\/\",\"url\":\"https:\/\/migueloliveirafanclub.pt\/en\/product\/t-shirt-88-crianca\/\",\"name\":\"T-shirt 88 - Miguel Oliveira M#88\",\"isPartOf\":{\"@id\":\"https:\/\/migueloliveirafanclub.pt\/#website\"},\"primaryImageOfPage\":{\"@id\":\"https:\/\/migueloliveirafanclub.pt\/en\/product\/t-shirt-88-crianca\/#primaryimage\"},\"image\":{\"@id\":\"https:\/\/migueloliveirafanclub.pt\/en\/product\/t-shirt-88-crianca\/#primaryimage\"},\"thumbnailUrl\":\"https:\/\/migueloliveirafanclub.pt\/wp-content\/uploads\/2019\/01\/Tshirt-Arcanjo-Crianca.jpg\",\"datePublished\":\"2019-01-11T19:08:30+00:00\",\"dateModified\":\"2023-03-10T15:17:32+00:00\",\"breadcrumb\":{\"@id\":\"https:\/\/migueloliveirafanclub.pt\/en\/product\/t-shirt-88-crianca\/#breadcrumb\"},\"inLanguage\":\"en-US\",\"potentialAction\":[{\"@type\":\"ReadAction\",\"target\":[\"https:\/\/migueloliveirafanclub.pt\/en\/product\/t-shirt-88-crianca\/\"]}]},{\"@type\":\"ImageObject\",\"inLanguage\":\"en-US\",\"@id\":\"https:\/\/migueloliveirafanclub.pt\/en\/product\/t-shirt-88-crianca\/#primaryimage\",\"url\":\"https:\/\/migueloliveirafanclub.pt\/wp-content\/uploads\/2019\/01\/Tshirt-Arcanjo-Crianca.jpg\",\"contentUrl\":\"https:\/\/migueloliveirafanclub.pt\/wp-content\/uploads\/2019\/01\/Tshirt-Arcanjo-Crianca.jpg\",\"width\":3888,\"height\":2592},{\"@type\":\"BreadcrumbList\",\"@id\":\"https:\/\/migueloliveirafanclub.pt\/en\/product\/t-shirt-88-crianca\/#breadcrumb\",\"itemListElement\":[{\"@type\":\"ListItem\",\"position\":1,\"name\":\"In\u00edcio\",\"item\":\"https:\/\/migueloliveirafanclub.pt\/en\/\"},{\"@type\":\"ListItem\",\"position\":2,\"name\":\"Store\",\"item\":\"https:\/\/migueloliveirafanclub.pt\/en\/shop\/\"},{\"@type\":\"ListItem\",\"position\":3,\"name\":\"T-shirt 88\"}]},{\"@type\":\"WebSite\",\"@id\":\"https:\/\/migueloliveirafanclub.pt\/#website\",\"url\":\"https:\/\/migueloliveirafanclub.pt\/\",\"name\":\"Miguel Oliveira M#88\",\"description\":\"\",\"publisher\":{\"@id\":\"https:\/\/migueloliveirafanclub.pt\/#organization\"},\"potentialAction\":[{\"@type\":\"SearchAction\",\"target\":{\"@type\":\"EntryPoint\",\"urlTemplate\":\"https:\/\/migueloliveirafanclub.pt\/?s={search_term_string}\"},\"query-input\":{\"@type\":\"PropertyValueSpecification\",\"valueRequired\":true,\"valueName\":\"search_term_string\"}}],\"inLanguage\":\"en-US\"},{\"@type\":\"Organization\",\"@id\":\"https:\/\/migueloliveirafanclub.pt\/#organization\",\"name\":\"Miguel Oliveira Fan Club\",\"url\":\"https:\/\/migueloliveirafanclub.pt\/\",\"logo\":{\"@type\":\"ImageObject\",\"inLanguage\":\"en-US\",\"@id\":\"https:\/\/migueloliveirafanclub.pt\/#\/schema\/logo\/image\/\",\"url\":\"https:\/\/migueloliveirafanclub.pt\/wp-content\/uploads\/2019\/02\/MOFC-paypal-logo.png\",\"contentUrl\":\"https:\/\/migueloliveirafanclub.pt\/wp-content\/uploads\/2019\/02\/MOFC-paypal-logo.png\",\"width\":190,\"height\":60,\"caption\":\"Miguel Oliveira Fan Club\"},\"image\":{\"@id\":\"https:\/\/migueloliveirafanclub.pt\/#\/schema\/logo\/image\/\"},\"sameAs\":[\"https:\/\/www.facebook.com\/migueloliveirafanclub\",\"https:\/\/x.com\/mo88fanclub\",\"https:\/\/www.instagram.com\/migueloliveirafanclub88\/\",\"https:\/\/www.youtube.com\/user\/MiguelOliveira44\"]}]}<\/script>\n<!-- \/ Yoast SEO plugin. -->","yoast_head_json":{"title":"T-shirt 88 - Miguel Oliveira M#88","robots":{"index":"index","follow":"follow","max-snippet":"max-snippet:-1","max-image-preview":"max-image-preview:large","max-video-preview":"max-video-preview:-1"},"canonical":"https:\/\/migueloliveirafanclub.pt\/en\/product\/t-shirt-88-crianca\/","og_locale":"en_US","og_type":"article","og_title":"T-shirt 88 - Miguel Oliveira M#88","og_description":"Unisexo Cor:\u00a0Azul Composi\u00e7\u00e3o:\u00a0100% Algod\u00e3o Decora\u00e7\u00e3o:\u00a0Logo Transfer","og_url":"https:\/\/migueloliveirafanclub.pt\/en\/product\/t-shirt-88-crianca\/","og_site_name":"Miguel Oliveira M#88","article_publisher":"https:\/\/www.facebook.com\/migueloliveirafanclub","article_modified_time":"2023-03-10T15:17:32+00:00","og_image":[{"width":3888,"height":2592,"url":"https:\/\/migueloliveirafanclub.pt\/wp-content\/uploads\/2019\/01\/Tshirt-Arcanjo-Crianca.jpg","type":"image\/jpeg"}],"twitter_card":"summary_large_image","twitter_site":"@mo88fanclub","schema":{"@context":"https:\/\/schema.org","@graph":[{"@type":"WebPage","@id":"https:\/\/migueloliveirafanclub.pt\/en\/product\/t-shirt-88-crianca\/","url":"https:\/\/migueloliveirafanclub.pt\/en\/product\/t-shirt-88-crianca\/","name":"T-shirt 88 - Miguel Oliveira M#88","isPartOf":{"@id":"https:\/\/migueloliveirafanclub.pt\/#website"},"primaryImageOfPage":{"@id":"https:\/\/migueloliveirafanclub.pt\/en\/product\/t-shirt-88-crianca\/#primaryimage"},"image":{"@id":"https:\/\/migueloliveirafanclub.pt\/en\/product\/t-shirt-88-crianca\/#primaryimage"},"thumbnailUrl":"https:\/\/migueloliveirafanclub.pt\/wp-content\/uploads\/2019\/01\/Tshirt-Arcanjo-Crianca.jpg","datePublished":"2019-01-11T19:08:30+00:00","dateModified":"2023-03-10T15:17:32+00:00","breadcrumb":{"@id":"https:\/\/migueloliveirafanclub.pt\/en\/product\/t-shirt-88-crianca\/#breadcrumb"},"inLanguage":"en-US","potentialAction":[{"@type":"ReadAction","target":["https:\/\/migueloliveirafanclub.pt\/en\/product\/t-shirt-88-crianca\/"]}]},{"@type":"ImageObject","inLanguage":"en-US","@id":"https:\/\/migueloliveirafanclub.pt\/en\/product\/t-shirt-88-crianca\/#primaryimage","url":"https:\/\/migueloliveirafanclub.pt\/wp-content\/uploads\/2019\/01\/Tshirt-Arcanjo-Crianca.jpg","contentUrl":"https:\/\/migueloliveirafanclub.pt\/wp-content\/uploads\/2019\/01\/Tshirt-Arcanjo-Crianca.jpg","width":3888,"height":2592},{"@type":"BreadcrumbList","@id":"https:\/\/migueloliveirafanclub.pt\/en\/product\/t-shirt-88-crianca\/#breadcrumb","itemListElement":[{"@type":"ListItem","position":1,"name":"In\u00edcio","item":"https:\/\/migueloliveirafanclub.pt\/en\/"},{"@type":"ListItem","position":2,"name":"Store","item":"https:\/\/migueloliveirafanclub.pt\/en\/shop\/"},{"@type":"ListItem","position":3,"name":"T-shirt 88"}]},{"@type":"WebSite","@id":"https:\/\/migueloliveirafanclub.pt\/#website","url":"https:\/\/migueloliveirafanclub.pt\/","name":"Miguel Oliveira M#88","description":"","publisher":{"@id":"https:\/\/migueloliveirafanclub.pt\/#organization"},"potentialAction":[{"@type":"SearchAction","target":{"@type":"EntryPoint","urlTemplate":"https:\/\/migueloliveirafanclub.pt\/?s={search_term_string}"},"query-input":{"@type":"PropertyValueSpecification","valueRequired":true,"valueName":"search_term_string"}}],"inLanguage":"en-US"},{"@type":"Organization","@id":"https:\/\/migueloliveirafanclub.pt\/#organization","name":"Miguel Oliveira Fan Club","url":"https:\/\/migueloliveirafanclub.pt\/","logo":{"@type":"ImageObject","inLanguage":"en-US","@id":"https:\/\/migueloliveirafanclub.pt\/#\/schema\/logo\/image\/","url":"https:\/\/migueloliveirafanclub.pt\/wp-content\/uploads\/2019\/02\/MOFC-paypal-logo.png","contentUrl":"https:\/\/migueloliveirafanclub.pt\/wp-content\/uploads\/2019\/02\/MOFC-paypal-logo.png","width":190,"height":60,"caption":"Miguel Oliveira Fan Club"},"image":{"@id":"https:\/\/migueloliveirafanclub.pt\/#\/schema\/logo\/image\/"},"sameAs":["https:\/\/www.facebook.com\/migueloliveirafanclub","https:\/\/x.com\/mo88fanclub","https:\/\/www.instagram.com\/migueloliveirafanclub88\/","https:\/\/www.youtube.com\/user\/MiguelOliveira44"]}]}},"_links":{"self":[{"href":"https:\/\/migueloliveirafanclub.pt\/en\/wp-json\/wp\/v2\/product\/19111","targetHints":{"allow":["GET"]}}],"collection":[{"href":"https:\/\/migueloliveirafanclub.pt\/en\/wp-json\/wp\/v2\/product"}],"about":[{"href":"https:\/\/migueloliveirafanclub.pt\/en\/wp-json\/wp\/v2\/types\/product"}],"replies":[{"embeddable":true,"href":"https:\/\/migueloliveirafanclub.pt\/en\/wp-json\/wp\/v2\/comments?post=19111"}],"wp:featuredmedia":[{"embeddable":true,"href":"https:\/\/migueloliveirafanclub.pt\/en\/wp-json\/wp\/v2\/media\/19117"}],"wp:attachment":[{"href":"https:\/\/migueloliveirafanclub.pt\/en\/wp-json\/wp\/v2\/media?parent=19111"}],"wp:term":[{"taxonomy":"product_cat","embeddable":true,"href":"https:\/\/migueloliveirafanclub.pt\/en\/wp-json\/wp\/v2\/product_cat?post=19111"},{"taxonomy":"product_tag","embeddable":true,"href":"https:\/\/migueloliveirafanclub.pt\/en\/wp-json\/wp\/v2\/product_tag?post=19111"}],"curies":[{"name":"wp","href":"https:\/\/api.w.org\/{rel}","templated":true}]}}