{"id":18038,"date":"2018-09-25T11:38:13","date_gmt":"2018-09-25T11:38:13","guid":{"rendered":"https:\/\/migueloliveirafanclub.pt\/submissao-de-taloes-de-compra\/"},"modified":"2018-10-11T09:30:00","modified_gmt":"2018-10-11T09:30:00","slug":"submissao-de-taloes-de-compra","status":"publish","type":"page","link":"https:\/\/migueloliveirafanclub.pt\/en\/submissao-de-taloes-de-compra\/","title":{"rendered":"Submission of coupons"},"content":{"rendered":"\n<div class=\"wpcf7 no-js\" id=\"wpcf7-f18037-o1\" lang=\"pt-PT\" dir=\"ltr\" data-wpcf7-id=\"18037\">\n<div class=\"screen-reader-response\"><p role=\"status\" aria-live=\"polite\" aria-atomic=\"true\"><\/p> <ul><\/ul><\/div>\n<form action=\"\/en\/wp-json\/wp\/v2\/pages\/18038#wpcf7-f18037-o1\" method=\"post\" class=\"wpcf7-form init\" aria-label=\"Formul\u00e1rio de contacto\" enctype=\"multipart\/form-data\" novalidate=\"novalidate\" data-status=\"init\">\n<div style=\"display: none;\">\n<input type=\"hidden\" name=\"_wpcf7\" value=\"18037\" \/>\n<input type=\"hidden\" name=\"_wpcf7_version\" value=\"6.0.5\" \/>\n<input type=\"hidden\" name=\"_wpcf7_locale\" value=\"pt_PT\" \/>\n<input type=\"hidden\" name=\"_wpcf7_unit_tag\" value=\"wpcf7-f18037-o1\" \/>\n<input type=\"hidden\" name=\"_wpcf7_container_post\" value=\"0\" \/>\n<input type=\"hidden\" name=\"_wpcf7_posted_data_hash\" value=\"\" \/>\n<input type=\"hidden\" name=\"_wpcf7_recaptcha_response\" value=\"\" \/>\n<\/div>\n<p><label> Username <span>*<\/span><br \/>\n<span class=\"wpcf7-form-control-wrap\" data-name=\"username\"><input size=\"40\" maxlength=\"400\" class=\"wpcf7-form-control wpcf7-text wpcf7-validates-as-required\" readonly=\"readonly\" aria-required=\"true\" aria-invalid=\"false\" value=\"\" type=\"text\" name=\"username\" \/><\/span> <\/label>\n<\/p>\n<p><label> Email <span>*<\/span><br \/>\n<span class=\"wpcf7-form-control-wrap\" data-name=\"email\"><input size=\"40\" maxlength=\"400\" class=\"wpcf7-form-control wpcf7-email wpcf7-validates-as-required wpcf7-text wpcf7-validates-as-email\" readonly=\"readonly\" aria-required=\"true\" aria-invalid=\"false\" value=\"\" type=\"email\" name=\"email\" \/><\/span> <\/label>\n<\/p>\n<p><label> Contribuinte <span>*<\/span><span class=\"wpcf7-form-control-wrap\" data-name=\"contribuinte\"><input class=\"wpcf7-form-control wpcf7-number wpcf7-validates-as-required wpcf7-validates-as-number\" max=\"9\" aria-required=\"true\" aria-invalid=\"false\" value=\"\" type=\"number\" name=\"contribuinte\" \/><\/span><small>O n\u00famero de contribuinte da factura tem de ser o mesmo constante da sua ficha de cliente.<br \/>\nCaso contr\u00e1rio os pontos n\u00e3o ser\u00e3o creditados na sua conta.<\/small><\/label>\n<\/p>\n<p><label> Partners <span>*<\/span><br \/>\n<span class=\"wpcf7-form-control-wrap\" data-name=\"partners\"><select class=\"wpcf7-form-control wpcf7-select wpcf7-validates-as-required\" aria-required=\"true\" aria-invalid=\"false\" name=\"partners\"><option value=\"\">&#8212;Por favor escolha uma op\u00e7\u00e3o&#8212;<\/option><option value=\"Acqua City SPA Lisboa\">Acqua City SPA Lisboa<\/option><option value=\"Aqu\u00e1rio Vasco da Gama\">Aqu\u00e1rio Vasco da Gama<\/option><option value=\"Aut\u00f3dromo Internacional Algarve\">Aut\u00f3dromo Internacional Algarve<\/option><option value=\"Bemauto\">Bemauto<\/option><option value=\"Bike Bar Tours\">Bike Bar Tours<\/option><option value=\"Bounce INC\">Bounce INC<\/option><option value=\"Churrascaria Sabor Mineiro\">Churrascaria Sabor Mineiro<\/option><option value=\"Cl\u00edni\u00e1rtico\">Cl\u00edni\u00e1rtico<\/option><option value=\"Dog Instinct\">Dog Instinct<\/option><option value=\"Fitness Hut\">Fitness Hut<\/option><option value=\"Fragata D. Fernando II e Gl\u00f3ria\">Fragata D. Fernando II e Gl\u00f3ria<\/option><option value=\"Get Zen\">Get Zen<\/option><option value=\"Glassdrive\">Glassdrive<\/option><option value=\"Hertz \u2013 Aluguer de viaturas\">Hertz \u2013 Aluguer de viaturas<\/option><option value=\"HM Motos\">HM Motos<\/option><option value=\"Hostel on Wheels\">Hostel on Wheels<\/option><option value=\"Hotel Vila Park\">Hotel Vila Park<\/option><option value=\"Ice it\">Ice it<\/option><option value=\"iPrint\">iPrint<\/option><option value=\"iServices \u2013 Repara\u00e7\u00f5es de iPhone, Samsung e Huawei\">iServices \u2013 Repara\u00e7\u00f5es de iPhone, Samsung e Huawei<\/option><option value=\"JBS Motos\">JBS Motos<\/option><option value=\"Jomotos\">Jomotos<\/option><option value=\"La Vespina\">La Vespina<\/option><option value=\"Laco Moto\">Laco Moto<\/option><option value=\"M2 Centro de Estudos\">M2 Centro de Estudos<\/option><option value=\"Mordomias &amp; Companhia\">Mordomias &amp; Companhia<\/option><option value=\"Moto Ponto\">Moto Ponto<\/option><option value=\"Moto Rodrigues\">Moto Rodrigues<\/option><option value=\"Museu da Marinha\">Museu da Marinha<\/option><option value=\"Orbitur- Parques de campismo em Portugal\">Orbitur- Parques de campismo em Portugal<\/option><option value=\"Out Pro Store\">Out Pro Store<\/option><option value=\"Planet\u00e1rio Calouste Gulbenkian\">Planet\u00e1rio Calouste Gulbenkian<\/option><option value=\"Prozis\">Prozis<\/option><option value=\"Racingvarius\">Racingvarius<\/option><option value=\"SAKI\">SAKI<\/option><option value=\"Socidata\">Socidata<\/option><option value=\"Ushindi Shoes\">Ushindi Shoes<\/option><option value=\"Wear Moto\">Wear Moto<\/option><\/select><\/span> <\/label>\n<\/p>\n<p><label> Submit purchase coupon <span>*<\/span><br \/>\n<span class=\"wpcf7-form-control-wrap\" data-name=\"talao-de-compra\"><input size=\"40\" class=\"wpcf7-form-control wpcf7-file wpcf7-validates-as-required\" accept=\".jpg,.png,.pdf\" aria-required=\"true\" aria-invalid=\"false\" type=\"file\" name=\"talao-de-compra\" \/><\/span> <\/label>\n<\/p>\n<p><input class=\"wpcf7-form-control wpcf7-submit has-spinner\" type=\"submit\" value=\"Submit\" \/>\n<\/p><input type='hidden' class='wpcf7-pum' value='{\"closepopup\":false,\"closedelay\":0,\"openpopup\":false,\"openpopup_id\":0}' \/><div class=\"wpcf7-response-output\" aria-hidden=\"true\"><\/div>\n<\/form>\n<\/div>\n\n","protected":false},"excerpt":{"rendered":"Username * Email * Contribuinte *O n\u00famero de contribuinte da factura tem de ser o mesmo constante da sua ficha de cliente. Caso contr\u00e1rio os pontos n\u00e3o ser\u00e3o creditados na sua conta. Partners * &#8212;Por favor escolha uma op\u00e7\u00e3o&#8212;Acqua City SPA LisboaAqu\u00e1rio Vasco da GamaAut\u00f3dromo Internacional AlgarveBemautoBike Bar ToursBounce INCChurrascaria Sabor MineiroCl\u00edni\u00e1rticoDog InstinctFitness HutFragata D. Fernando II e Gl\u00f3riaGet ZenGlassdriveHertz [...]","protected":false},"author":1,"featured_media":0,"parent":0,"menu_order":0,"comment_status":"closed","ping_status":"closed","template":"","meta":{"_acf_changed":false,"footnotes":""},"class_list":["post-18038","page","type-page","status-publish","hentry"],"acf":[],"yoast_head":"<!-- This site is optimized with the Yoast SEO plugin v24.7 - https:\/\/yoast.com\/wordpress\/plugins\/seo\/ -->\n<title>Submission of coupons - Miguel Oliveira M#88<\/title>\n<meta name=\"robots\" content=\"index, follow, max-snippet:-1, max-image-preview:large, max-video-preview:-1\" \/>\n<link rel=\"canonical\" href=\"https:\/\/migueloliveirafanclub.pt\/en\/submissao-de-taloes-de-compra\/\" \/>\n<meta property=\"og:locale\" content=\"en_US\" \/>\n<meta property=\"og:type\" content=\"article\" \/>\n<meta property=\"og:title\" content=\"Submission of coupons - Miguel Oliveira M#88\" \/>\n<meta property=\"og:url\" content=\"https:\/\/migueloliveirafanclub.pt\/en\/submissao-de-taloes-de-compra\/\" \/>\n<meta property=\"og:site_name\" content=\"Miguel Oliveira M#88\" \/>\n<meta property=\"article:publisher\" content=\"https:\/\/www.facebook.com\/migueloliveirafanclub\" \/>\n<meta property=\"article:modified_time\" content=\"2018-10-11T09:30:00+00:00\" \/>\n<meta name=\"twitter:card\" content=\"summary_large_image\" \/>\n<meta name=\"twitter:site\" content=\"@mo88fanclub\" \/>\n<script type=\"application\/ld+json\" class=\"yoast-schema-graph\">{\"@context\":\"https:\/\/schema.org\",\"@graph\":[{\"@type\":\"WebPage\",\"@id\":\"https:\/\/migueloliveirafanclub.pt\/en\/submissao-de-taloes-de-compra\/\",\"url\":\"https:\/\/migueloliveirafanclub.pt\/en\/submissao-de-taloes-de-compra\/\",\"name\":\"Submission of coupons - Miguel Oliveira M#88\",\"isPartOf\":{\"@id\":\"https:\/\/migueloliveirafanclub.pt\/#website\"},\"datePublished\":\"2018-09-25T11:38:13+00:00\",\"dateModified\":\"2018-10-11T09:30:00+00:00\",\"breadcrumb\":{\"@id\":\"https:\/\/migueloliveirafanclub.pt\/en\/submissao-de-taloes-de-compra\/#breadcrumb\"},\"inLanguage\":\"en-US\",\"potentialAction\":[{\"@type\":\"ReadAction\",\"target\":[\"https:\/\/migueloliveirafanclub.pt\/en\/submissao-de-taloes-de-compra\/\"]}]},{\"@type\":\"BreadcrumbList\",\"@id\":\"https:\/\/migueloliveirafanclub.pt\/en\/submissao-de-taloes-de-compra\/#breadcrumb\",\"itemListElement\":[{\"@type\":\"ListItem\",\"position\":1,\"name\":\"In\u00edcio\",\"item\":\"https:\/\/migueloliveirafanclub.pt\/en\/\"},{\"@type\":\"ListItem\",\"position\":2,\"name\":\"Submission of coupons\"}]},{\"@type\":\"WebSite\",\"@id\":\"https:\/\/migueloliveirafanclub.pt\/#website\",\"url\":\"https:\/\/migueloliveirafanclub.pt\/\",\"name\":\"Miguel Oliveira M#88\",\"description\":\"\",\"publisher\":{\"@id\":\"https:\/\/migueloliveirafanclub.pt\/#organization\"},\"potentialAction\":[{\"@type\":\"SearchAction\",\"target\":{\"@type\":\"EntryPoint\",\"urlTemplate\":\"https:\/\/migueloliveirafanclub.pt\/?s={search_term_string}\"},\"query-input\":{\"@type\":\"PropertyValueSpecification\",\"valueRequired\":true,\"valueName\":\"search_term_string\"}}],\"inLanguage\":\"en-US\"},{\"@type\":\"Organization\",\"@id\":\"https:\/\/migueloliveirafanclub.pt\/#organization\",\"name\":\"Miguel Oliveira Fan Club\",\"url\":\"https:\/\/migueloliveirafanclub.pt\/\",\"logo\":{\"@type\":\"ImageObject\",\"inLanguage\":\"en-US\",\"@id\":\"https:\/\/migueloliveirafanclub.pt\/#\/schema\/logo\/image\/\",\"url\":\"https:\/\/migueloliveirafanclub.pt\/wp-content\/uploads\/2019\/02\/MOFC-paypal-logo.png\",\"contentUrl\":\"https:\/\/migueloliveirafanclub.pt\/wp-content\/uploads\/2019\/02\/MOFC-paypal-logo.png\",\"width\":190,\"height\":60,\"caption\":\"Miguel Oliveira Fan Club\"},\"image\":{\"@id\":\"https:\/\/migueloliveirafanclub.pt\/#\/schema\/logo\/image\/\"},\"sameAs\":[\"https:\/\/www.facebook.com\/migueloliveirafanclub\",\"https:\/\/x.com\/mo88fanclub\",\"https:\/\/www.instagram.com\/migueloliveirafanclub88\/\",\"https:\/\/www.youtube.com\/user\/MiguelOliveira44\"]}]}<\/script>\n<!-- \/ Yoast SEO plugin. -->","yoast_head_json":{"title":"Submission of coupons - Miguel Oliveira M#88","robots":{"index":"index","follow":"follow","max-snippet":"max-snippet:-1","max-image-preview":"max-image-preview:large","max-video-preview":"max-video-preview:-1"},"canonical":"https:\/\/migueloliveirafanclub.pt\/en\/submissao-de-taloes-de-compra\/","og_locale":"en_US","og_type":"article","og_title":"Submission of coupons - Miguel Oliveira M#88","og_url":"https:\/\/migueloliveirafanclub.pt\/en\/submissao-de-taloes-de-compra\/","og_site_name":"Miguel Oliveira M#88","article_publisher":"https:\/\/www.facebook.com\/migueloliveirafanclub","article_modified_time":"2018-10-11T09:30:00+00:00","twitter_card":"summary_large_image","twitter_site":"@mo88fanclub","schema":{"@context":"https:\/\/schema.org","@graph":[{"@type":"WebPage","@id":"https:\/\/migueloliveirafanclub.pt\/en\/submissao-de-taloes-de-compra\/","url":"https:\/\/migueloliveirafanclub.pt\/en\/submissao-de-taloes-de-compra\/","name":"Submission of coupons - Miguel Oliveira M#88","isPartOf":{"@id":"https:\/\/migueloliveirafanclub.pt\/#website"},"datePublished":"2018-09-25T11:38:13+00:00","dateModified":"2018-10-11T09:30:00+00:00","breadcrumb":{"@id":"https:\/\/migueloliveirafanclub.pt\/en\/submissao-de-taloes-de-compra\/#breadcrumb"},"inLanguage":"en-US","potentialAction":[{"@type":"ReadAction","target":["https:\/\/migueloliveirafanclub.pt\/en\/submissao-de-taloes-de-compra\/"]}]},{"@type":"BreadcrumbList","@id":"https:\/\/migueloliveirafanclub.pt\/en\/submissao-de-taloes-de-compra\/#breadcrumb","itemListElement":[{"@type":"ListItem","position":1,"name":"In\u00edcio","item":"https:\/\/migueloliveirafanclub.pt\/en\/"},{"@type":"ListItem","position":2,"name":"Submission of coupons"}]},{"@type":"WebSite","@id":"https:\/\/migueloliveirafanclub.pt\/#website","url":"https:\/\/migueloliveirafanclub.pt\/","name":"Miguel Oliveira M#88","description":"","publisher":{"@id":"https:\/\/migueloliveirafanclub.pt\/#organization"},"potentialAction":[{"@type":"SearchAction","target":{"@type":"EntryPoint","urlTemplate":"https:\/\/migueloliveirafanclub.pt\/?s={search_term_string}"},"query-input":{"@type":"PropertyValueSpecification","valueRequired":true,"valueName":"search_term_string"}}],"inLanguage":"en-US"},{"@type":"Organization","@id":"https:\/\/migueloliveirafanclub.pt\/#organization","name":"Miguel Oliveira Fan Club","url":"https:\/\/migueloliveirafanclub.pt\/","logo":{"@type":"ImageObject","inLanguage":"en-US","@id":"https:\/\/migueloliveirafanclub.pt\/#\/schema\/logo\/image\/","url":"https:\/\/migueloliveirafanclub.pt\/wp-content\/uploads\/2019\/02\/MOFC-paypal-logo.png","contentUrl":"https:\/\/migueloliveirafanclub.pt\/wp-content\/uploads\/2019\/02\/MOFC-paypal-logo.png","width":190,"height":60,"caption":"Miguel Oliveira Fan Club"},"image":{"@id":"https:\/\/migueloliveirafanclub.pt\/#\/schema\/logo\/image\/"},"sameAs":["https:\/\/www.facebook.com\/migueloliveirafanclub","https:\/\/x.com\/mo88fanclub","https:\/\/www.instagram.com\/migueloliveirafanclub88\/","https:\/\/www.youtube.com\/user\/MiguelOliveira44"]}]}},"_links":{"self":[{"href":"https:\/\/migueloliveirafanclub.pt\/en\/wp-json\/wp\/v2\/pages\/18038","targetHints":{"allow":["GET"]}}],"collection":[{"href":"https:\/\/migueloliveirafanclub.pt\/en\/wp-json\/wp\/v2\/pages"}],"about":[{"href":"https:\/\/migueloliveirafanclub.pt\/en\/wp-json\/wp\/v2\/types\/page"}],"author":[{"embeddable":true,"href":"https:\/\/migueloliveirafanclub.pt\/en\/wp-json\/wp\/v2\/users\/1"}],"replies":[{"embeddable":true,"href":"https:\/\/migueloliveirafanclub.pt\/en\/wp-json\/wp\/v2\/comments?post=18038"}],"version-history":[{"count":0,"href":"https:\/\/migueloliveirafanclub.pt\/en\/wp-json\/wp\/v2\/pages\/18038\/revisions"}],"wp:attachment":[{"href":"https:\/\/migueloliveirafanclub.pt\/en\/wp-json\/wp\/v2\/media?parent=18038"}],"curies":[{"name":"wp","href":"https:\/\/api.w.org\/{rel}","templated":true}]}}